{"id":100,"date":"2018-11-22T14:10:54","date_gmt":"2018-11-22T14:10:54","guid":{"rendered":"http:\/\/jsg-vulkaneifel-manderscheid.de\/?page_id=100"},"modified":"2018-11-22T15:14:53","modified_gmt":"2018-11-22T15:14:53","slug":"seniorensportgruppe","status":"publish","type":"page","link":"https:\/\/sv-manderscheid.de\/?page_id=100","title":{"rendered":"Seniorensportgruppe"},"content":{"rendered":"<p>P\u00fcnktlich und motiviert treffen sich die Teilnehmer in der Turnhalle der Realschule plus.<\/p>\n<p>Das Alter der derzeitigen Aktiven liegt zwischen 63 und 89 Jahren. Dem fortgeschrittenen Alter entsprechend ist das Programm der \u00dcbungsstunde gestaltet. Nach einem Aufw\u00e4rmtraining geht es auf die Matte zu gymnastischen \u00dcbungen (\u00fcberwiegend Dehn\u00fcbungen, Muskelanspannung und-entspannung). Zum Schluss kommt auch das Spiel nicht zu kurz. Mit viel Begeisterung und gro\u00dfen Einsatz geht die Stunde mit Softtennis zu Ende. Oft bleibt noch Zeit, um ein wenig zu plaudern oder Neuigkeiten bzgl. Manderscheid auszutauschen.<\/p>\n<p>Die Aktiven der Seniorensportgruppe haben f\u00fcr eventuelle weitere Interessenten folgende Empfehlung:<\/p>\n<p>Die regelm\u00e4\u00dfige sportliche\u00a0 Bet\u00e4tigung erh\u00e4lt ein gro\u00dfes Ma\u00df an Beweglichkeit, kurbelt den Stoffwechsel an, verbessert den Blutfluss und die vermehrte Aufnahme von Sauerstoff im Blut und unterst\u00fctzt das Herz.<\/p>\n<p>Trainer: Josef Klaas<\/p>\n<p><a href=\"https:\/\/sv-manderscheid.de\/?page_id=46\">Termine finden Sie hier<\/a><\/p>\n","protected":false},"excerpt":{"rendered":"<p>P\u00fcnktlich und motiviert treffen sich die Teilnehmer in der Turnhalle der Realschule plus. Das Alter der derzeitigen Aktiven liegt zwischen 63 und 89 Jahren. Dem fortgeschrittenen Alter entsprechend ist das Programm der \u00dcbungsstunde gestaltet. Nach einem Aufw\u00e4rmtraining geht es auf die Matte zu gymnastischen \u00dcbungen (\u00fcberwiegend Dehn\u00fcbungen, Muskelanspannung und-entspannung). Zum Schluss kommt auch das Spiel &hellip; <\/p>\n<p class=\"link-more\"><a href=\"https:\/\/sv-manderscheid.de\/?page_id=100\" class=\"more-link\"><span class=\"screen-reader-text\">\u201eSeniorensportgruppe\u201c <\/span>weiterlesen<\/a><\/p>\n","protected":false},"author":1,"featured_media":0,"parent":46,"menu_order":0,"comment_status":"closed","ping_status":"closed","template":"","meta":{"_monsterinsights_skip_tracking":false,"_monsterinsights_sitenote_active":false,"_monsterinsights_sitenote_note":"","_monsterinsights_sitenote_category":0,"jetpack_post_was_ever_published":false,"footnotes":""},"class_list":["post-100","page","type-page","status-publish","hentry"],"aioseo_notices":[],"jetpack_sharing_enabled":true,"jetpack_shortlink":"https:\/\/wp.me\/PasZf9-1C","jetpack-related-posts":[],"_links":{"self":[{"href":"https:\/\/sv-manderscheid.de\/index.php?rest_route=\/wp\/v2\/pages\/100","targetHints":{"allow":["GET"]}}],"collection":[{"href":"https:\/\/sv-manderscheid.de\/index.php?rest_route=\/wp\/v2\/pages"}],"about":[{"href":"https:\/\/sv-manderscheid.de\/index.php?rest_route=\/wp\/v2\/types\/page"}],"author":[{"embeddable":true,"href":"https:\/\/sv-manderscheid.de\/index.php?rest_route=\/wp\/v2\/users\/1"}],"replies":[{"embeddable":true,"href":"https:\/\/sv-manderscheid.de\/index.php?rest_route=%2Fwp%2Fv2%2Fcomments&post=100"}],"version-history":[{"count":0,"href":"https:\/\/sv-manderscheid.de\/index.php?rest_route=\/wp\/v2\/pages\/100\/revisions"}],"up":[{"embeddable":true,"href":"https:\/\/sv-manderscheid.de\/index.php?rest_route=\/wp\/v2\/pages\/46"}],"wp:attachment":[{"href":"https:\/\/sv-manderscheid.de\/index.php?rest_route=%2Fwp%2Fv2%2Fmedia&parent=100"}],"curies":[{"name":"wp","href":"https:\/\/api.w.org\/{rel}","templated":true}]}}