{"id":105,"date":"2018-11-22T14:16:46","date_gmt":"2018-11-22T14:16:46","guid":{"rendered":"http:\/\/jsg-vulkaneifel-manderscheid.de\/?page_id=105"},"modified":"2021-07-14T09:50:39","modified_gmt":"2021-07-14T07:50:39","slug":"mittwochssport","status":"publish","type":"page","link":"https:\/\/sv-manderscheid.de\/?page_id=105","title":{"rendered":"Mittwochssport"},"content":{"rendered":"<p>F\u00fcr die M\u00e4nner aus Manderscheid und Umgebung ist der Mittwochabend fest verplant. Mittwochs geht\u2019s zum Mittwochssport!<\/p>\n<p>In der Turnhalle von Manderscheid treffen sich jede Woche \u201eJung und Alt\u201c, um sich so richtig auszupowern. Aber nicht nur der Sportsgeist, sondern auch der Kampfgeist jedes Sportlers wird geweckt. Jedes Jahr wird der \u201eMittwochsspochtler des Jahres\u201c gek\u00fcrt und daf\u00fcr hei\u00dft es: So viele Punkte wie m\u00f6glich sammeln!<\/p>\n<p>Nachdem \u00dcbungsleiter Eugen Ludwig, er hat die Gruppe von Rainer Schmitz \u00fcbernommen,\u00a0 die Gruppe in zwei Teams eingeteilt hat, m\u00fcssen die Siegpunkte des Abends klargemacht werden. Zun\u00e4chst beginnen die Sportler mit lockeren Aufw\u00e4rmspielen. Da werden mit Spielen wie Hockey oder Tennisfu\u00dfball die Muskeln auf Betriebstemperatur gebracht. Danach duellieren sich die Teams im Basketball und Fu\u00dfball.<\/p>\n<p>Neben dem Sport bleibt aber auch das gem\u00fctliche Beisammensein nicht auf der Strecke. Das traditionelle Heringsessen am Aschermittwoch oder die Weihnachtsfeier sind beim Mittwochssport nicht wegzudenken.<\/p>\n<p><a href=\"https:\/\/sv-manderscheid.de\/?page_id=46\">Termine finden Sie hier<\/a><\/p>\n","protected":false},"excerpt":{"rendered":"<p>F\u00fcr die M\u00e4nner aus Manderscheid und Umgebung ist der Mittwochabend fest verplant. Mittwochs geht\u2019s zum Mittwochssport! In der Turnhalle von Manderscheid treffen sich jede Woche \u201eJung und Alt\u201c, um sich so richtig auszupowern. Aber nicht nur der Sportsgeist, sondern auch der Kampfgeist jedes Sportlers wird geweckt. Jedes Jahr wird der \u201eMittwochsspochtler des Jahres\u201c gek\u00fcrt und &hellip; <\/p>\n<p class=\"link-more\"><a href=\"https:\/\/sv-manderscheid.de\/?page_id=105\" class=\"more-link\"><span class=\"screen-reader-text\">\u201eMittwochssport\u201c <\/span>weiterlesen<\/a><\/p>\n","protected":false},"author":1,"featured_media":0,"parent":46,"menu_order":0,"comment_status":"closed","ping_status":"closed","template":"","meta":{"_monsterinsights_skip_tracking":false,"_monsterinsights_sitenote_active":false,"_monsterinsights_sitenote_note":"","_monsterinsights_sitenote_category":0,"jetpack_post_was_ever_published":false,"footnotes":""},"class_list":["post-105","page","type-page","status-publish","hentry"],"aioseo_notices":[],"jetpack_sharing_enabled":true,"jetpack_shortlink":"https:\/\/wp.me\/PasZf9-1H","jetpack-related-posts":[],"_links":{"self":[{"href":"https:\/\/sv-manderscheid.de\/index.php?rest_route=\/wp\/v2\/pages\/105","targetHints":{"allow":["GET"]}}],"collection":[{"href":"https:\/\/sv-manderscheid.de\/index.php?rest_route=\/wp\/v2\/pages"}],"about":[{"href":"https:\/\/sv-manderscheid.de\/index.php?rest_route=\/wp\/v2\/types\/page"}],"author":[{"embeddable":true,"href":"https:\/\/sv-manderscheid.de\/index.php?rest_route=\/wp\/v2\/users\/1"}],"replies":[{"embeddable":true,"href":"https:\/\/sv-manderscheid.de\/index.php?rest_route=%2Fwp%2Fv2%2Fcomments&post=105"}],"version-history":[{"count":0,"href":"https:\/\/sv-manderscheid.de\/index.php?rest_route=\/wp\/v2\/pages\/105\/revisions"}],"up":[{"embeddable":true,"href":"https:\/\/sv-manderscheid.de\/index.php?rest_route=\/wp\/v2\/pages\/46"}],"wp:attachment":[{"href":"https:\/\/sv-manderscheid.de\/index.php?rest_route=%2Fwp%2Fv2%2Fmedia&parent=105"}],"curies":[{"name":"wp","href":"https:\/\/api.w.org\/{rel}","templated":true}]}}