{"id":109,"date":"2018-11-22T14:21:41","date_gmt":"2018-11-22T14:21:41","guid":{"rendered":"http:\/\/jsg-vulkaneifel-manderscheid.de\/?page_id=109"},"modified":"2018-11-22T14:21:41","modified_gmt":"2018-11-22T14:21:41","slug":"herzsportgruppe","status":"publish","type":"page","link":"https:\/\/sv-manderscheid.de\/?page_id=109","title":{"rendered":"Herzsportgruppe"},"content":{"rendered":"<p>Zurzeit sind wir ca. 20 bis 25 Frauen und M\u00e4nner im Alter zwischen 60 und 85 Jahren, die alle nach kleinen, aber auch gr\u00f6\u00dferen Herzproblemen in die Gruppe kamen.<\/p>\n<p>Wir treffen uns einmal pro Woche in der Turnhalle, um unsere k\u00f6rperliche Fitness zu erhalten und zu verbessern. Dabei begleiten uns abwechselnd drei \u00c4rzte, ohne deren Einverst\u00e4ndnis nichts l\u00e4uft!<\/p>\n<p>Die Stunde beginnt mit dem Messen von Blutdruck und Puls und mit einem Gespr\u00e4ch in der Runde. Das anschlie\u00dfende Sportprogramm ist immer sehr abwechslungsreich: Aufw\u00e4rmen, Gymnastik, Koordination, Ausdauer und Spiel. Wir arbeiten mit vielen Kleinger\u00e4ten wie Schwungtuch, Ball, Theraband, kleinen Gewichten, Reiss\u00e4ckchen, St\u00e4ben oder Handt\u00fcchern \u2013 es muss einfach Spa\u00df machen. Kleine Spiele kommen nat\u00fcrlich auch nicht zu kurz. Zum Abschluss ist f\u00fcr die M\u00e4nner meistens eine Runde Prellball Pflicht, w\u00e4hrend die Frauen schon mal bei einem Schw\u00e4tzchen entspannen.<\/p>\n<p>Die Geselligkeit kommt auch au\u00dferhalb der Sportstunde nicht zu kurz. So feiern wir unsere Geburtstage mit einem kleinen Sektumtrunk, lachen gerne und haben uns immer viel zu erz\u00e4hlen. Au\u00dferdem machen wir jedes Jahr einen Ausflug, treffen uns zum Grillen und gehen Weihnachten gemeinsam essen.<\/p>\n<p>In der Gruppe herrscht eine super Gemeinschaft und jeder freut sich schon auf den n\u00e4chsten Termin, denn Ferien gibt es bei uns keine.<\/p>\n<p>\u00dcbungsleiterin: Gunda Irle<\/p>\n<p><a href=\"https:\/\/sv-manderscheid.de\/?page_id=46\">Termine finden Sie hier<\/a><\/p>\n","protected":false},"excerpt":{"rendered":"<p>Zurzeit sind wir ca. 20 bis 25 Frauen und M\u00e4nner im Alter zwischen 60 und 85 Jahren, die alle nach kleinen, aber auch gr\u00f6\u00dferen Herzproblemen in die Gruppe kamen. Wir treffen uns einmal pro Woche in der Turnhalle, um unsere k\u00f6rperliche Fitness zu erhalten und zu verbessern. Dabei begleiten uns abwechselnd drei \u00c4rzte, ohne deren &hellip; <\/p>\n<p class=\"link-more\"><a href=\"https:\/\/sv-manderscheid.de\/?page_id=109\" class=\"more-link\"><span class=\"screen-reader-text\">\u201eHerzsportgruppe\u201c <\/span>weiterlesen<\/a><\/p>\n","protected":false},"author":1,"featured_media":0,"parent":46,"menu_order":0,"comment_status":"closed","ping_status":"closed","template":"","meta":{"_monsterinsights_skip_tracking":false,"_monsterinsights_sitenote_active":false,"_monsterinsights_sitenote_note":"","_monsterinsights_sitenote_category":0,"footnotes":""},"class_list":["post-109","page","type-page","status-publish","hentry"],"aioseo_notices":[],"jetpack_sharing_enabled":true,"jetpack_shortlink":"https:\/\/wp.me\/PasZf9-1L","jetpack-related-posts":[],"_links":{"self":[{"href":"https:\/\/sv-manderscheid.de\/index.php?rest_route=\/wp\/v2\/pages\/109","targetHints":{"allow":["GET"]}}],"collection":[{"href":"https:\/\/sv-manderscheid.de\/index.php?rest_route=\/wp\/v2\/pages"}],"about":[{"href":"https:\/\/sv-manderscheid.de\/index.php?rest_route=\/wp\/v2\/types\/page"}],"author":[{"embeddable":true,"href":"https:\/\/sv-manderscheid.de\/index.php?rest_route=\/wp\/v2\/users\/1"}],"replies":[{"embeddable":true,"href":"https:\/\/sv-manderscheid.de\/index.php?rest_route=%2Fwp%2Fv2%2Fcomments&post=109"}],"version-history":[{"count":0,"href":"https:\/\/sv-manderscheid.de\/index.php?rest_route=\/wp\/v2\/pages\/109\/revisions"}],"up":[{"embeddable":true,"href":"https:\/\/sv-manderscheid.de\/index.php?rest_route=\/wp\/v2\/pages\/46"}],"wp:attachment":[{"href":"https:\/\/sv-manderscheid.de\/index.php?rest_route=%2Fwp%2Fv2%2Fmedia&parent=109"}],"curies":[{"name":"wp","href":"https:\/\/api.w.org\/{rel}","templated":true}]}}