{"id":130,"date":"2018-11-23T16:23:57","date_gmt":"2018-11-23T16:23:57","guid":{"rendered":"http:\/\/jsg-vulkaneifel-manderscheid.de\/?page_id=130"},"modified":"2023-09-18T22:47:34","modified_gmt":"2023-09-18T20:47:34","slug":"kinderturnen","status":"publish","type":"page","link":"https:\/\/sv-manderscheid.de\/?page_id=130","title":{"rendered":"Bambini-Kinderturnen: Klettern, Springen, Balancieren"},"content":{"rendered":"\n<p>F\u00fcr Kinder von 1-6 Jahren in Begleitung<\/p>\n\n\n\n<p>Frei nach dem Motto: Klettern, Springen, Balancieren, Schaukeln, Kullern und Probieren, bieten wir den Kindern hier einen gesch\u00fctzten Rahmen, in dem sie Ihre Geschicklichkeit an kleinen und gr\u00f6\u00dferen Herausforderungen erproben, ihre F\u00e4higkeiten ausbauen und zu mehr Selbstvertrauen finden k\u00f6nnen.<\/p>\n\n\n\n<p>Wer mag, ist jederzeit willkommen, hereinzuschnuppern. <br>Ansprechpartner: Hermann Dresen, Tel.: 0151\/50862630<\/p>\n\n\n\n<p><a href=\"https:\/\/sv-manderscheid.de\/?page_id=46\">Termine finden Sie hier<\/a><\/p>\n","protected":false},"excerpt":{"rendered":"<p>F\u00fcr Kinder von 1-6 Jahren in Begleitung Frei nach dem Motto: Klettern, Springen, Balancieren, Schaukeln, Kullern und Probieren, bieten wir den Kindern hier einen gesch\u00fctzten Rahmen, in dem sie Ihre Geschicklichkeit an kleinen und gr\u00f6\u00dferen Herausforderungen erproben, ihre F\u00e4higkeiten ausbauen und zu mehr Selbstvertrauen finden k\u00f6nnen. Wer mag, ist jederzeit willkommen, hereinzuschnuppern. Ansprechpartner: Hermann Dresen, &hellip; <\/p>\n<p class=\"link-more\"><a href=\"https:\/\/sv-manderscheid.de\/?page_id=130\" class=\"more-link\"><span class=\"screen-reader-text\">\u201eBambini-Kinderturnen: Klettern, Springen, Balancieren\u201c <\/span>weiterlesen<\/a><\/p>\n","protected":false},"author":1,"featured_media":0,"parent":46,"menu_order":0,"comment_status":"closed","ping_status":"closed","template":"","meta":{"_monsterinsights_skip_tracking":false,"_monsterinsights_sitenote_active":false,"_monsterinsights_sitenote_note":"","_monsterinsights_sitenote_category":0,"jetpack_post_was_ever_published":false,"footnotes":""},"class_list":["post-130","page","type-page","status-publish","hentry"],"aioseo_notices":[],"jetpack_sharing_enabled":true,"jetpack_shortlink":"https:\/\/wp.me\/PasZf9-26","jetpack-related-posts":[],"_links":{"self":[{"href":"https:\/\/sv-manderscheid.de\/index.php?rest_route=\/wp\/v2\/pages\/130","targetHints":{"allow":["GET"]}}],"collection":[{"href":"https:\/\/sv-manderscheid.de\/index.php?rest_route=\/wp\/v2\/pages"}],"about":[{"href":"https:\/\/sv-manderscheid.de\/index.php?rest_route=\/wp\/v2\/types\/page"}],"author":[{"embeddable":true,"href":"https:\/\/sv-manderscheid.de\/index.php?rest_route=\/wp\/v2\/users\/1"}],"replies":[{"embeddable":true,"href":"https:\/\/sv-manderscheid.de\/index.php?rest_route=%2Fwp%2Fv2%2Fcomments&post=130"}],"version-history":[{"count":2,"href":"https:\/\/sv-manderscheid.de\/index.php?rest_route=\/wp\/v2\/pages\/130\/revisions"}],"predecessor-version":[{"id":680,"href":"https:\/\/sv-manderscheid.de\/index.php?rest_route=\/wp\/v2\/pages\/130\/revisions\/680"}],"up":[{"embeddable":true,"href":"https:\/\/sv-manderscheid.de\/index.php?rest_route=\/wp\/v2\/pages\/46"}],"wp:attachment":[{"href":"https:\/\/sv-manderscheid.de\/index.php?rest_route=%2Fwp%2Fv2%2Fmedia&parent=130"}],"curies":[{"name":"wp","href":"https:\/\/api.w.org\/{rel}","templated":true}]}}