{"id":30,"date":"2018-11-20T21:37:24","date_gmt":"2018-11-20T21:37:24","guid":{"rendered":"http:\/\/jsg-vulkaneifel-manderscheid.de\/?page_id=30"},"modified":"2021-04-19T11:28:26","modified_gmt":"2021-04-19T09:28:26","slug":"mitglied-werden","status":"publish","type":"page","link":"https:\/\/sv-manderscheid.de\/?page_id=30","title":{"rendered":"Mitglied werden"},"content":{"rendered":"<p>Mitglied beim SV Vulkan werden und somit die M\u00f6glichkeit zu haben, das komplette \u00dcbungsangebot nutzen zu k\u00f6nnen, ist ganz einfach. Schauen Sie doch zun\u00e4chst einmal unverbindlich in den Gruppen bzw. Sportarten Ihrer Wahl vorbei. Die dort eingesetzten lizensierten \u00dcbungsleiter beantworten Ihnen dann sicherlich alle weiteren Fragen. Anschlie\u00dfend laden Sie sich einfach den Mitgliedsantrag des SV Vulkan herunter:<\/p>\n\n\n<div class=\"wp-block-file\"><a href=\"https:\/\/sv-manderscheid.de\/wp-content\/uploads\/2021\/04\/Beitrittserklaerung-zum-Sportverein-Vulkan-Manderscheid.pdf\">Beitrittserkl\u00e4rung zum Sportverein Vulkan Manderscheid<\/a><a href=\"https:\/\/sv-manderscheid.de\/wp-content\/uploads\/2021\/04\/Beitrittserklaerung-zum-Sportverein-Vulkan-Manderscheid.pdf\" class=\"wp-block-file__button\" download>Herunterladen<\/a><\/div>\n","protected":false},"excerpt":{"rendered":"<p>Mitglied beim SV Vulkan werden und somit die M\u00f6glichkeit zu haben, das komplette \u00dcbungsangebot nutzen zu k\u00f6nnen, ist ganz einfach. Schauen Sie doch zun\u00e4chst einmal unverbindlich in den Gruppen bzw. Sportarten Ihrer Wahl vorbei. Die dort eingesetzten lizensierten \u00dcbungsleiter beantworten Ihnen dann sicherlich alle weiteren Fragen. Anschlie\u00dfend laden Sie sich einfach den Mitgliedsantrag des SV &hellip; <\/p>\n<p class=\"link-more\"><a href=\"https:\/\/sv-manderscheid.de\/?page_id=30\" class=\"more-link\"><span class=\"screen-reader-text\">\u201eMitglied werden\u201c <\/span>weiterlesen<\/a><\/p>\n","protected":false},"author":1,"featured_media":0,"parent":0,"menu_order":0,"comment_status":"closed","ping_status":"closed","template":"","meta":{"_monsterinsights_skip_tracking":false,"_monsterinsights_sitenote_active":false,"_monsterinsights_sitenote_note":"","_monsterinsights_sitenote_category":0,"jetpack_post_was_ever_published":false,"footnotes":""},"class_list":["post-30","page","type-page","status-publish","hentry"],"aioseo_notices":[],"jetpack_sharing_enabled":true,"jetpack_shortlink":"https:\/\/wp.me\/PasZf9-u","jetpack-related-posts":[],"_links":{"self":[{"href":"https:\/\/sv-manderscheid.de\/index.php?rest_route=\/wp\/v2\/pages\/30","targetHints":{"allow":["GET"]}}],"collection":[{"href":"https:\/\/sv-manderscheid.de\/index.php?rest_route=\/wp\/v2\/pages"}],"about":[{"href":"https:\/\/sv-manderscheid.de\/index.php?rest_route=\/wp\/v2\/types\/page"}],"author":[{"embeddable":true,"href":"https:\/\/sv-manderscheid.de\/index.php?rest_route=\/wp\/v2\/users\/1"}],"replies":[{"embeddable":true,"href":"https:\/\/sv-manderscheid.de\/index.php?rest_route=%2Fwp%2Fv2%2Fcomments&post=30"}],"version-history":[{"count":0,"href":"https:\/\/sv-manderscheid.de\/index.php?rest_route=\/wp\/v2\/pages\/30\/revisions"}],"wp:attachment":[{"href":"https:\/\/sv-manderscheid.de\/index.php?rest_route=%2Fwp%2Fv2%2Fmedia&parent=30"}],"curies":[{"name":"wp","href":"https:\/\/api.w.org\/{rel}","templated":true}]}}