{"id":46,"date":"2018-11-21T19:40:58","date_gmt":"2018-11-21T17:40:58","guid":{"rendered":"http:\/\/jsg-vulkaneifel-manderscheid.de\/?page_id=46"},"modified":"2023-09-18T22:27:47","modified_gmt":"2023-09-18T20:27:47","slug":"trainingsangebot","status":"publish","type":"page","link":"https:\/\/sv-manderscheid.de\/?page_id=46","title":{"rendered":"Trainingsangebot"},"content":{"rendered":"\n<table id=\"tablepress-1\" class=\"tablepress tablepress-id-1\">\n<thead>\n<tr class=\"row-1\">\n\t<th class=\"column-1\">Tag<\/th><th class=\"column-2\">Zeit<\/th><th class=\"column-3\">Angebot<\/th><th class=\"column-4\">Ort<\/th><th class=\"column-5\">Ansprechpartner\/-in<\/th>\n<\/tr>\n<\/thead>\n<tbody class=\"row-striping row-hover\">\n<tr class=\"row-2\">\n\t<td class=\"column-1\">Montag<\/td><td class=\"column-2\">16:15 \u2013 17:15<\/td><td class=\"column-3\">Ger\u00e4teturnen  f\u00fcr M\u00e4dchen und Jungen vom 3. bis 4. Schuljahr<\/td><td class=\"column-4\">Turnhalle Manderscheid<\/td><td class=\"column-5\">Sigrid Bros, Tel.: 06572-4546, Raphaela Plein<\/td>\n<\/tr>\n<tr class=\"row-3\">\n\t<td class=\"column-1\">Montag<\/td><td class=\"column-2\">17:15 \u2013 18:15<\/td><td class=\"column-3\">Ger\u00e4teturnen  f\u00fcr M\u00e4dchen und Jungen vom 1. bis 2. Schuljahr,<\/td><td class=\"column-4\">Turnhalle Manderscheid<\/td><td class=\"column-5\">Sigrid Bros, Tel.: 06572-4546, Raphaela Plein<\/td>\n<\/tr>\n<tr class=\"row-4\">\n\t<td class=\"column-1\">Montag<\/td><td class=\"column-2\">18:00 \u2013 19:00<\/td><td class=\"column-3\">Wirbels\u00e4ulengymnastik f\u00fcr Frauen<\/td><td class=\"column-4\">Gymnastikhalle Manderscheid<\/td><td class=\"column-5\">Gunda Irle, Tel.: 06572-2200<\/td>\n<\/tr>\n<tr class=\"row-5\">\n\t<td class=\"column-1\">Dienstag<\/td><td class=\"column-2\">16:00 \u2013 17:00<\/td><td class=\"column-3\">Bambini Kinderturnen \u2013 Klettern, Springen, Balancieren f\u00fcr Kinder von 1 bis 6 Jahren in Begleitung eines Erwachsenen<\/td><td class=\"column-4\">Turnhalle Manderscheid<\/td><td class=\"column-5\">Hermann Dresen: Tel.: 0151-50862630<\/td>\n<\/tr>\n<tr class=\"row-6\">\n\t<td class=\"column-1\">Dienstag<\/td><td class=\"column-2\">17.00 \u2013 19.00<\/td><td class=\"column-3\">Reha-Sport in Kooperation mit Praxis Physio im Rathaus Manderscheid<\/td><td class=\"column-4\">Gymnastikhalle Manderscheid<\/td><td class=\"column-5\">Verena Sch\u00f6mer: Tel.: 06572-9327240 info@physio-im-rathaus.de<\/td>\n<\/tr>\n<tr class=\"row-7\">\n\t<td class=\"column-1\">Dienstag<\/td><td class=\"column-2\">18:30 \u2013 19:30<\/td><td class=\"column-3\">Seniorenturnen f\u00fcr M\u00e4nner, Turnhalle Manderscheid<\/td><td class=\"column-4\">Turnhalle Manderscheid<\/td><td class=\"column-5\">Josef Klaas, Tel.: 06572-4361; Arnold Ludwig, Tel.: 06572\/2268<\/td>\n<\/tr>\n<tr class=\"row-8\">\n\t<td class=\"column-1\">Dienstag<\/td><td class=\"column-2\">19:00 \u2013 20:00<\/td><td class=\"column-3\">Aerobic f\u00fcr Frauen<\/td><td class=\"column-4\">Gymnastikhalle Manderscheid<\/td><td class=\"column-5\">Sigrid Bros, Tel.: 06572-4546<\/td>\n<\/tr>\n<tr class=\"row-9\">\n\t<td class=\"column-1\">Mittwoch<\/td><td class=\"column-2\">9:00 \u2013 10:00<\/td><td class=\"column-3\">Reha-Sport in Kooperation mit Praxis Physio im Rathaus Manderscheid<\/td><td class=\"column-4\">Rathaus Manderscheid<\/td><td class=\"column-5\">Verena Sch\u00f6mer: Tel.: 06572-9327240 info@physio-im-rathaus.de<\/td>\n<\/tr>\n<tr class=\"row-10\">\n\t<td class=\"column-1\">Mittwoch<\/td><td class=\"column-2\">19:30 \u2013 21:15<\/td><td class=\"column-3\">FitnessTraining f\u00fcr M\u00e4nner\/Mittwochsspocht<\/td><td class=\"column-4\">Turnhalle Manderscheid<\/td><td class=\"column-5\">Eugen Ludwig, Tel.: 0170\/2475023<\/td>\n<\/tr>\n<tr class=\"row-11\">\n\t<td class=\"column-1\">Mittwoch<\/td><td class=\"column-2\">19:30 \u2013 22:30<\/td><td class=\"column-3\">Volleyball f\u00fcr Erwachsene,<\/td><td class=\"column-4\">Gymnastikhalle Manderscheid, Beach-Platz<\/td><td class=\"column-5\">J\u00f6rg Hesse, Tel: 06572-4149<\/td>\n<\/tr>\n<tr class=\"row-12\">\n\t<td class=\"column-1\">Donnerstag<\/td><td class=\"column-2\">17:00 &#8211;  19:00    <\/td><td class=\"column-3\">Koronarsportgruppe  f\u00fcr Erwachsene mit Herzproblemen,<\/td><td class=\"column-4\">Gymnastikhalle Manderscheid, auch in den Ferien<\/td><td class=\"column-5\">Gunda Irle, Tel.: 06572-2200<\/td>\n<\/tr>\n<tr class=\"row-13\">\n\t<td class=\"column-1\">Donnerstag<\/td><td class=\"column-2\">19:30 \u2013 20:15<\/td><td class=\"column-3\">Zumba f\u00fcr Erwachsene jeden Alters<\/td><td class=\"column-4\">Gymnastikhalle Manderscheid<\/td><td class=\"column-5\">Sarah von Wirtz, Email: sarahvonwirtz.zumba@gmail.com<\/td>\n<\/tr>\n<tr class=\"row-14\">\n\t<td class=\"column-1\">Freitag<\/td><td class=\"column-2\">17:00 \u2013 18:00<\/td><td class=\"column-3\">Bambinifu\u00dfball f\u00fcr Kinder von 4 bis 7<span style=\"color:#FF0000;\"> <\/span>Jahren,<\/td><td class=\"column-4\">Turnhalle oder Sportplatz Manderscheid<\/td><td class=\"column-5\">David Hohns, Email: david-hohns@gmx.de<\/td>\n<\/tr>\n<tr class=\"row-15\">\n\t<td class=\"column-1\">Samstag<\/td><td class=\"column-2\">17:30 \u2013 19:00<\/td><td class=\"column-3\">AH-Fu\u00dfball<\/td><td class=\"column-4\">Turnhalle Manderscheid<\/td><td class=\"column-5\">Tobias Stadtfeld, Tel.: 0160\/4429321<\/td>\n<\/tr>\n<tr class=\"row-16\">\n\t<td class=\"column-1\">Sonntag<\/td><td class=\"column-2\">19:00 \u2013 22:00<\/td><td class=\"column-3\">Volleyball f\u00fcr Erwachsene,<\/td><td class=\"column-4\"> Turnhalle Manderscheid, Beach-Platz<\/td><td class=\"column-5\">J\u00f6rg Hesse, Tel: 06572-4149<\/td>\n<\/tr>\n<tr class=\"row-17\">\n\t<td class=\"column-1\"><\/td><td class=\"column-2\"><\/td><td class=\"column-3\">Der Jugendfussball ist im FC Vulkaneifel organisiert<\/td><td class=\"column-4\"><\/td><td class=\"column-5\">Alex Uhlig, Jugendleiter, Tel.: 06572-932040; J\u00f6rg Sch\u00f6mer, Jugendleiter, Tel.: 0175\/5700282<\/td>\n<\/tr>\n<\/tbody>\n<\/table>\n<!-- #tablepress-1 from cache -->\n\n\n<p>Sollte nichts Passendes f\u00fcr Sie dabei sein, Sie m\u00f6chten sich aber sportlich bet\u00e4tigen, fragen Sie uns bitte:<\/p>\n\n\n\n<p><strong>Ansprechpartner<\/strong>:<\/p>\n\n\n\n<p>Annegret Schmitz&nbsp;&nbsp;&nbsp;&nbsp; 1. Vorsitzende&nbsp;&nbsp;&nbsp;&nbsp;&nbsp;&nbsp;&nbsp;&nbsp;&nbsp;&nbsp;&nbsp;&nbsp;&nbsp;&nbsp;&nbsp;&nbsp;&nbsp;&nbsp;&nbsp;&nbsp;&nbsp;&nbsp; Tel.-Nr. 06572\/4874<\/p>\n\n\n\n<p>Sigrid Bros&nbsp;&nbsp;&nbsp;&nbsp;&nbsp;&nbsp;&nbsp;&nbsp;&nbsp;&nbsp;&nbsp;&nbsp;&nbsp;&nbsp; &nbsp;&nbsp;&nbsp; AL-Breitensport&nbsp;&nbsp;&nbsp;&nbsp;&nbsp;&nbsp;&nbsp;&nbsp;&nbsp;&nbsp;&nbsp;&nbsp;&nbsp;&nbsp;&nbsp;&nbsp;&nbsp;&nbsp;&nbsp; Tel.-Nr. 06572\/4546<\/p>\n\n\n\n<p>J\u00f6rg Sch\u00f6mer\/<br>Alexander Uhlig &nbsp;&nbsp;&nbsp;&nbsp;&nbsp;&nbsp;&nbsp;&nbsp;&nbsp; Jugendleiter&nbsp;&nbsp;&nbsp;&nbsp;&nbsp;&nbsp;&nbsp;&nbsp;&nbsp;&nbsp;&nbsp;&nbsp;&nbsp; &nbsp;&nbsp;&nbsp;&nbsp;&nbsp;&nbsp;&nbsp;&nbsp;&nbsp;&nbsp;&nbsp; Tel.-Nr. 06572\/932040<\/p>\n","protected":false},"excerpt":{"rendered":"<p>Sollte nichts Passendes f\u00fcr Sie dabei sein, Sie m\u00f6chten sich aber sportlich bet\u00e4tigen, fragen Sie uns bitte: Ansprechpartner: Annegret Schmitz&nbsp;&nbsp;&nbsp;&nbsp; 1. Vorsitzende&nbsp;&nbsp;&nbsp;&nbsp;&nbsp;&nbsp;&nbsp;&nbsp;&nbsp;&nbsp;&nbsp;&nbsp;&nbsp;&nbsp;&nbsp;&nbsp;&nbsp;&nbsp;&nbsp;&nbsp;&nbsp;&nbsp; Tel.-Nr. 06572\/4874 Sigrid Bros&nbsp;&nbsp;&nbsp;&nbsp;&nbsp;&nbsp;&nbsp;&nbsp;&nbsp;&nbsp;&nbsp;&nbsp;&nbsp;&nbsp; &nbsp;&nbsp;&nbsp; AL-Breitensport&nbsp;&nbsp;&nbsp;&nbsp;&nbsp;&nbsp;&nbsp;&nbsp;&nbsp;&nbsp;&nbsp;&nbsp;&nbsp;&nbsp;&nbsp;&nbsp;&nbsp;&nbsp;&nbsp; Tel.-Nr. 06572\/4546 J\u00f6rg Sch\u00f6mer\/Alexander Uhlig &nbsp;&nbsp;&nbsp;&nbsp;&nbsp;&nbsp;&nbsp;&nbsp;&nbsp; Jugendleiter&nbsp;&nbsp;&nbsp;&nbsp;&nbsp;&nbsp;&nbsp;&nbsp;&nbsp;&nbsp;&nbsp;&nbsp;&nbsp; &nbsp;&nbsp;&nbsp;&nbsp;&nbsp;&nbsp;&nbsp;&nbsp;&nbsp;&nbsp;&nbsp; Tel.-Nr. 06572\/932040<\/p>\n","protected":false},"author":1,"featured_media":0,"parent":0,"menu_order":0,"comment_status":"closed","ping_status":"closed","template":"","meta":{"_monsterinsights_skip_tracking":false,"_monsterinsights_sitenote_active":false,"_monsterinsights_sitenote_note":"","_monsterinsights_sitenote_category":0,"footnotes":""},"class_list":["post-46","page","type-page","status-publish","hentry"],"aioseo_notices":[],"jetpack_sharing_enabled":true,"jetpack_shortlink":"https:\/\/wp.me\/PasZf9-K","jetpack-related-posts":[],"_links":{"self":[{"href":"https:\/\/sv-manderscheid.de\/index.php?rest_route=\/wp\/v2\/pages\/46","targetHints":{"allow":["GET"]}}],"collection":[{"href":"https:\/\/sv-manderscheid.de\/index.php?rest_route=\/wp\/v2\/pages"}],"about":[{"href":"https:\/\/sv-manderscheid.de\/index.php?rest_route=\/wp\/v2\/types\/page"}],"author":[{"embeddable":true,"href":"https:\/\/sv-manderscheid.de\/index.php?rest_route=\/wp\/v2\/users\/1"}],"replies":[{"embeddable":true,"href":"https:\/\/sv-manderscheid.de\/index.php?rest_route=%2Fwp%2Fv2%2Fcomments&post=46"}],"version-history":[{"count":3,"href":"https:\/\/sv-manderscheid.de\/index.php?rest_route=\/wp\/v2\/pages\/46\/revisions"}],"predecessor-version":[{"id":670,"href":"https:\/\/sv-manderscheid.de\/index.php?rest_route=\/wp\/v2\/pages\/46\/revisions\/670"}],"wp:attachment":[{"href":"https:\/\/sv-manderscheid.de\/index.php?rest_route=%2Fwp%2Fv2%2Fmedia&parent=46"}],"curies":[{"name":"wp","href":"https:\/\/api.w.org\/{rel}","templated":true}]}}