{"id":74,"date":"2018-11-21T21:48:39","date_gmt":"2018-11-21T21:48:39","guid":{"rendered":"http:\/\/jsg-vulkaneifel-manderscheid.de\/?page_id=74"},"modified":"2018-11-21T22:12:03","modified_gmt":"2018-11-21T22:12:03","slug":"reha-sport","status":"publish","type":"page","link":"https:\/\/sv-manderscheid.de\/?page_id=74","title":{"rendered":"REHA-Sport"},"content":{"rendered":"<p>Der SV Vulkan erweitert sein Sport Angebot. In Kooperation mit <a href=\"https:\/\/physio-im-rathaus.de\/\" target=\"_blank\" rel=\"noopener\">Physio-im-Rathaus<\/a> wird <strong>REHA-SPORT<\/strong> angeboten.<\/p>\n<p>Die Kurse finden in der Gymnastikhalle der Realschule Plus in Manderscheid unter der Kursleitung von Verena Sch\u00f6mer einmal w\u00f6chentlich Dienstags statt.<\/p>\n<p>REHA-SPORT-Verordnungen k\u00f6nnen vom Haus- oder Facharzt ausgestellt werden. Die Verordnungen m\u00fcssen dann durch die Krankenkasse genehmigt werden. Diese k\u00f6nnen Sie anschlie\u00dfend bei Physio-im-Rathaus, Kurf\u00fcrstenstr.15 (Rathaus f\u00fcr Gesundheit), 54531 Manderscheid abgeben.<\/p>\n<p>N\u00e4here Informationen erhalten Sie \u00fcber im Rathaus f\u00fcr Medizin und Gesundheit ausliegende Brosch\u00fcren. Fragen k\u00f6nnen Sie gerne auch an <a href=\"mailto:termine@physio-im-rathaus.de\">termine@physio-im-rathaus.de<\/a> richten oder telelfonisch unter\u00a0 06572\/9327240 kl\u00e4ren.<br \/>\nWeitere Informationen \u00fcber REHA-Sport erhalten Sie \u00fcber<br \/>\n<a href=\"https:\/\/physio-im-rathaus.de\/\" target=\"_blank\" rel=\"noopener\">www.physio-im-rathaus.de<\/a>.<\/p>\n<p><img data-recalc-dims=\"1\" loading=\"lazy\" decoding=\"async\" data-attachment-id=\"75\" data-permalink=\"https:\/\/sv-manderscheid.de\/?attachment_id=75\" data-orig-file=\"https:\/\/i0.wp.com\/sv-manderscheid.de\/wp-content\/uploads\/2018\/11\/cropped-Logo_Praxis_PIR17.png?fit=768%2C178&amp;ssl=1\" data-orig-size=\"768,178\" data-comments-opened=\"1\" data-image-meta=\"{&quot;aperture&quot;:&quot;0&quot;,&quot;credit&quot;:&quot;&quot;,&quot;camera&quot;:&quot;&quot;,&quot;caption&quot;:&quot;&quot;,&quot;created_timestamp&quot;:&quot;0&quot;,&quot;copyright&quot;:&quot;&quot;,&quot;focal_length&quot;:&quot;0&quot;,&quot;iso&quot;:&quot;0&quot;,&quot;shutter_speed&quot;:&quot;0&quot;,&quot;title&quot;:&quot;&quot;,&quot;orientation&quot;:&quot;0&quot;}\" data-image-title=\"cropped-Logo_Praxis_PIR17\" data-image-description=\"\" data-image-caption=\"\" data-large-file=\"https:\/\/i0.wp.com\/sv-manderscheid.de\/wp-content\/uploads\/2018\/11\/cropped-Logo_Praxis_PIR17.png?fit=525%2C122&amp;ssl=1\" class=\"alignnone size-medium wp-image-75\" src=\"https:\/\/i0.wp.com\/sv-manderscheid.de\/wp-content\/uploads\/2018\/11\/cropped-Logo_Praxis_PIR17.png?resize=300%2C70&#038;ssl=1\" alt=\"\" width=\"300\" height=\"70\" srcset=\"https:\/\/i0.wp.com\/sv-manderscheid.de\/wp-content\/uploads\/2018\/11\/cropped-Logo_Praxis_PIR17.png?resize=300%2C70&amp;ssl=1 300w, https:\/\/i0.wp.com\/sv-manderscheid.de\/wp-content\/uploads\/2018\/11\/cropped-Logo_Praxis_PIR17.png?w=768&amp;ssl=1 768w\" sizes=\"auto, (max-width: 300px) 100vw, 300px\" \/><\/p>\n","protected":false},"excerpt":{"rendered":"<p>Der SV Vulkan erweitert sein Sport Angebot. In Kooperation mit Physio-im-Rathaus wird REHA-SPORT angeboten. Die Kurse finden in der Gymnastikhalle der Realschule Plus in Manderscheid unter der Kursleitung von Verena Sch\u00f6mer einmal w\u00f6chentlich Dienstags statt. REHA-SPORT-Verordnungen k\u00f6nnen vom Haus- oder Facharzt ausgestellt werden. Die Verordnungen m\u00fcssen dann durch die Krankenkasse genehmigt werden. Diese k\u00f6nnen Sie &hellip; <\/p>\n<p class=\"link-more\"><a href=\"https:\/\/sv-manderscheid.de\/?page_id=74\" class=\"more-link\"><span class=\"screen-reader-text\">\u201eREHA-Sport\u201c <\/span>weiterlesen<\/a><\/p>\n","protected":false},"author":1,"featured_media":0,"parent":46,"menu_order":0,"comment_status":"closed","ping_status":"closed","template":"","meta":{"_monsterinsights_skip_tracking":false,"_monsterinsights_sitenote_active":false,"_monsterinsights_sitenote_note":"","_monsterinsights_sitenote_category":0,"jetpack_post_was_ever_published":false,"footnotes":""},"class_list":["post-74","page","type-page","status-publish","hentry"],"aioseo_notices":[],"jetpack_sharing_enabled":true,"jetpack_shortlink":"https:\/\/wp.me\/PasZf9-1c","jetpack-related-posts":[],"_links":{"self":[{"href":"https:\/\/sv-manderscheid.de\/index.php?rest_route=\/wp\/v2\/pages\/74","targetHints":{"allow":["GET"]}}],"collection":[{"href":"https:\/\/sv-manderscheid.de\/index.php?rest_route=\/wp\/v2\/pages"}],"about":[{"href":"https:\/\/sv-manderscheid.de\/index.php?rest_route=\/wp\/v2\/types\/page"}],"author":[{"embeddable":true,"href":"https:\/\/sv-manderscheid.de\/index.php?rest_route=\/wp\/v2\/users\/1"}],"replies":[{"embeddable":true,"href":"https:\/\/sv-manderscheid.de\/index.php?rest_route=%2Fwp%2Fv2%2Fcomments&post=74"}],"version-history":[{"count":0,"href":"https:\/\/sv-manderscheid.de\/index.php?rest_route=\/wp\/v2\/pages\/74\/revisions"}],"up":[{"embeddable":true,"href":"https:\/\/sv-manderscheid.de\/index.php?rest_route=\/wp\/v2\/pages\/46"}],"wp:attachment":[{"href":"https:\/\/sv-manderscheid.de\/index.php?rest_route=%2Fwp%2Fv2%2Fmedia&parent=74"}],"curies":[{"name":"wp","href":"https:\/\/api.w.org\/{rel}","templated":true}]}}